{"id":1342,"date":"2025-07-29T10:01:48","date_gmt":"2025-07-29T10:01:48","guid":{"rendered":"https:\/\/tuulenergy.ee\/?page_id=1342"},"modified":"2025-07-29T10:06:55","modified_gmt":"2025-07-29T10:06:55","slug":"environment","status":"publish","type":"page","link":"https:\/\/tuulenergy.ee\/et\/environment\/","title":{"rendered":"Keskkond"},"content":{"rendered":"<div data-elementor-type=\"wp-page\" data-elementor-id=\"1342\" class=\"elementor elementor-1342\" data-elementor-post-type=\"page\">\n\t\t\t\t<div class=\"elementor-element elementor-element-ee1e69b e-con-full e-flex e-con e-parent\" data-id=\"ee1e69b\" data-element_type=\"container\" data-settings=\"{&quot;background_background&quot;:&quot;classic&quot;}\">\n\t\t<div class=\"elementor-element elementor-element-dc3d275 e-con-full e-flex e-con e-child\" data-id=\"dc3d275\" data-element_type=\"container\">\n\t\t\t\t<div class=\"elementor-element elementor-element-1b31dc5 elementor-widget elementor-widget-heading\" data-id=\"1b31dc5\" data-element_type=\"widget\" data-widget_type=\"heading.default\">\n\t\t\t\t\t<h1 class=\"elementor-heading-title elementor-size-default\">Keskkond<\/h1>\t\t\t\t<\/div>\n\t\t\t\t<div class=\"elementor-element elementor-element-a8f27ed elementor-widget elementor-widget-text-editor\" data-id=\"a8f27ed\" data-element_type=\"widget\" data-widget_type=\"text-editor.default\">\n\t\t\t\t\t\t\t\t\t<p>Kaitseme bioloogilist mitmekesisust \nkasutades uuenduslikke tehnoloogiaid.\n Keskkonnam\u00f5ju hindamine (KMH) ja sellega seotud uuringud on vajalikud selleks, et meretuulepargi arendus oleks keskkonnahoidlik, v\u00f5taks arvesse sotsiaalseid ja majanduslikke aspekte ning oleks vastavuses seadusandlusega.&nbsp;<\/p>\t\t\t\t\t\t\t\t<\/div>\n\t\t\t\t<\/div>\n\t\t<div class=\"elementor-element elementor-element-dd08c8d e-con-full e-flex e-con e-child\" data-id=\"dd08c8d\" data-element_type=\"container\" data-settings=\"{&quot;background_background&quot;:&quot;classic&quot;}\">\n\t\t\t\t<\/div>\n\t\t\t\t<\/div>\n\t\t<div class=\"elementor-element elementor-element-ee7a908 e-flex e-con-boxed e-con e-parent\" data-id=\"ee7a908\" data-element_type=\"container\">\n\t\t\t\t\t<div class=\"e-con-inner\">\n\t\t<div class=\"elementor-element elementor-element-0d6a732 e-con-full e-flex e-con e-child\" data-id=\"0d6a732\" data-element_type=\"container\" data-settings=\"{&quot;background_background&quot;:&quot;classic&quot;}\">\n\t\t\t\t<div class=\"elementor-element elementor-element-8da6b4d elementor-widget__width-inherit elementor-widget elementor-widget-image\" data-id=\"8da6b4d\" data-element_type=\"widget\" data-widget_type=\"image.default\">\n\t\t\t\t\t\t\t\t\t\t\t\t\t\t\t<img fetchpriority=\"high\" decoding=\"async\" width=\"1024\" height=\"1536\" src=\"https:\/\/tuulenergy.ee\/wp-content\/uploads\/2025\/07\/ChatGPT-Image-Jul-22-2025-02_33_23-PM.png\" class=\"attachment-full size-full wp-image-1264\" alt=\"\" srcset=\"https:\/\/tuulenergy.ee\/wp-content\/uploads\/2025\/07\/ChatGPT-Image-Jul-22-2025-02_33_23-PM.png 1024w, https:\/\/tuulenergy.ee\/wp-content\/uploads\/2025\/07\/ChatGPT-Image-Jul-22-2025-02_33_23-PM-200x300.png 200w, https:\/\/tuulenergy.ee\/wp-content\/uploads\/2025\/07\/ChatGPT-Image-Jul-22-2025-02_33_23-PM-683x1024.png 683w, https:\/\/tuulenergy.ee\/wp-content\/uploads\/2025\/07\/ChatGPT-Image-Jul-22-2025-02_33_23-PM-768x1152.png 768w, https:\/\/tuulenergy.ee\/wp-content\/uploads\/2025\/07\/ChatGPT-Image-Jul-22-2025-02_33_23-PM-8x12.png 8w\" sizes=\"(max-width: 1024px) 100vw, 1024px\" \/>\t\t\t\t\t\t\t\t\t\t\t\t\t\t\t<\/div>\n\t\t\t\t<\/div>\n\t\t<div class=\"elementor-element elementor-element-f378c6e e-con-full e-flex e-con e-child\" data-id=\"f378c6e\" data-element_type=\"container\">\n\t\t\t\t<div class=\"elementor-element elementor-element-4d67686 elementor-widget elementor-widget-text-editor\" data-id=\"4d67686\" data-element_type=\"widget\" data-widget_type=\"text-editor.default\">\n\t\t\t\t\t\t\t\t\t<p data-start=\"334\" data-end=\"541\">\u00a0T\u00e4psemalt:<\/p><ul data-start=\"543\" data-end=\"1385\"><li data-start=\"543\" data-end=\"739\"><p data-start=\"545\" data-end=\"739\"><strong data-start=\"545\" data-end=\"592\">Mere\u00f6kos\u00fcsteemid on tundlikud ja keerukad<\/strong>ning ehitustegevus (nt merep\u00f5hja muutmine, veealune m\u00fcra, laevaliiklus) <span data-olk-copy-source=\"MessageBody\">v\u00f5ib m\u00f5jutada kalavarusid, mereimetajaid, p\u00f5hjaloomastikku ja veekvaliteet<\/span><\/p><\/li><li data-start=\"740\" data-end=\"871\"><p data-start=\"742\" data-end=\"871\"><strong data-start=\"742\" data-end=\"767\">Lindude r\u00e4ndeteed<\/strong> v\u00f5ivad kattuda tuulepargi asukohaga. Uuringud aitavad tuvastada, hinnata ja v\u00e4hendada kokkup\u00f5rkeriski.<\/p><\/li><li data-start=\"872\" data-end=\"969\"><p data-start=\"874\" data-end=\"969\"><strong data-start=\"874\" data-end=\"904\">Kalanduse ja teiste merekasutajate huvidega<\/strong> tuleb arvestada, et tagada koos toimimine ja konfliktide v\u00e4ltimine.<\/p><\/li><li data-start=\"970\" data-end=\"1101\"><p data-start=\"972\" data-end=\"1101\"><strong data-start=\"972\" data-end=\"1011\">Kultuurip\u00e4randi ja visuaalse m\u00f5ju<\/strong> aspektid (nii vee peal kui all) v\u00f5ivad m\u00f5jutada kogukonna suhtumist ja vastuv\u00f5tlikkust.<\/p><\/li><li data-start=\"1102\" data-end=\"1228\"><p data-start=\"1104\" data-end=\"1228\">KMH v\u00f5imaldab <strong data-start=\"1116\" data-end=\"1149\">sidusr\u00fchmade varajast kaasamist<\/strong> ja otsuste tegemist teadusp\u00f5hise info ja kohalike teadmiste alusel.<\/p><\/li><li data-start=\"1229\" data-end=\"1385\"><p data-start=\"1231\" data-end=\"1385\">Samuti tagab see vastavuse <strong data-start=\"1263\" data-end=\"1308\">EL ja Eesti keskkonna\u00f5igusaktidele,<\/strong>sealhulgas elurikkuse kaitse ja merealade ruumilise planeerimise n\u00f5uetele.<\/p><\/li><\/ul>\t\t\t\t\t\t\t\t<\/div>\n\t\t\t\t<\/div>\n\t\t\t\t\t<\/div>\n\t\t\t\t<\/div>\n\t\t<div class=\"elementor-element elementor-element-53a9caa e-flex e-con-boxed e-con e-parent\" data-id=\"53a9caa\" data-element_type=\"container\">\n\t\t\t\t\t<div class=\"e-con-inner\">\n\t\t<div class=\"elementor-element elementor-element-fed86dc e-con-full e-flex e-con e-child\" data-id=\"fed86dc\" data-element_type=\"container\">\n\t\t\t\t<div class=\"elementor-element elementor-element-e2228e9 elementor-widget elementor-widget-heading\" data-id=\"e2228e9\" data-element_type=\"widget\" data-widget_type=\"heading.default\">\n\t\t\t\t\t<h2 class=\"elementor-heading-title elementor-size-default\">KMH pgogramm<\/h2>\t\t\t\t<\/div>\n\t\t\t\t<div class=\"elementor-element elementor-element-5052329 elementor-widget elementor-widget-text-editor\" data-id=\"5052329\" data-element_type=\"widget\" data-widget_type=\"text-editor.default\">\n\t\t\t\t\t\t\t\t\t<p data-start=\"225\" data-end=\"625\">Keskkonnam\u00f5ju hindamise (KMH) programmi koostamine on vajalik selleks, et tagada meretuulepargi arendamise keskkonnahoidlikkus ja v\u00f5imalike leevendusmeetmete v\u00e4ljat\u00f6\u00f6tamine. Lisaks on oluline kogukonnaga arvestamine ning vastavus kehtivatele \u00f5igusaktidele ja n\u00f5uetele. Programm aitab tuvastada, hinnata ja leevendada v\u00f5imalikke m\u00f5jusid mere\u00f6kos\u00fcsteemile, lindude r\u00e4ndeteedele, kalandusele, laevaliiklusele, kultuurip\u00e4randile ja maastikupildile ning teistele olulistele valdkondadele.<\/p><p data-start=\"627\" data-end=\"820\">KMH programm loob ka l\u00e4bipaistva aluse sidusr\u00fchmade varajaseks kaasamiseks, v\u00f5imaldades arvestada kohalike teadmiste ja muredega planeerimis- ja otsustusprotsessis.<\/p><p data-start=\"627\" data-end=\"820\">V\u00f5tmetegevused keskkonnam\u00f5ju hindamisel<\/p>\t\t\t\t\t\t\t\t<\/div>\n\t\t\t\t<div class=\"elementor-element elementor-element-04d4496 elementor-icon-list--layout-traditional elementor-list-item-link-full_width elementor-widget elementor-widget-icon-list\" data-id=\"04d4496\" data-element_type=\"widget\" data-widget_type=\"icon-list.default\">\n\t\t\t\t\t\t\t<ul class=\"elementor-icon-list-items\">\n\t\t\t\t\t\t\t<li class=\"elementor-icon-list-item\">\n\t\t\t\t\t\t\t\t\t\t\t<span class=\"elementor-icon-list-icon\">\n\t\t\t\t\t\t\t<svg aria-hidden=\"true\" class=\"e-font-icon-svg e-fas-chevron-right\" viewbox=\"0 0 320 512\" xmlns=\"http:\/\/www.w3.org\/2000\/svg\"><path d=\"M285.476 272.971L91.132 467.314c-9.373 9.373-24.569 9.373-33.941 0l-22.667-22.667c-9.357-9.357-9.375-24.522-.04-33.901L188.505 256 34.484 101.255c-9.335-9.379-9.317-24.544.04-33.901l22.667-22.667c9.373-9.373 24.569-9.373 33.941 0L285.475 239.03c9.373 9.372 9.373 24.568.001 33.941z\"><\/path><\/svg>\t\t\t\t\t\t<\/span>\n\t\t\t\t\t\t\t\t\t\t<span class=\"elementor-icon-list-text\">\u00dcksikasjalike keskkonnauuringute l\u00e4biviimine nt merep\u00f5hja, mereelustiku, linnustiku ja k\u00e4sitiivaliste osas, lisaks veekvaliteedi, heljumi leviku jt uuringud, mis on toodud KMH programmis.<\/span>\n\t\t\t\t\t\t\t\t\t<\/li>\n\t\t\t\t\t\t\t\t<li class=\"elementor-icon-list-item\">\n\t\t\t\t\t\t\t\t\t\t\t<span class=\"elementor-icon-list-icon\">\n\t\t\t\t\t\t\t<svg aria-hidden=\"true\" class=\"e-font-icon-svg e-fas-chevron-right\" viewbox=\"0 0 320 512\" xmlns=\"http:\/\/www.w3.org\/2000\/svg\"><path d=\"M285.476 272.971L91.132 467.314c-9.373 9.373-24.569 9.373-33.941 0l-22.667-22.667c-9.357-9.357-9.375-24.522-.04-33.901L188.505 256 34.484 101.255c-9.335-9.379-9.317-24.544.04-33.901l22.667-22.667c9.373-9.373 24.569-9.373 33.941 0L285.475 239.03c9.373 9.372 9.373 24.568.001 33.941z\"><\/path><\/svg>\t\t\t\t\t\t<\/span>\n\t\t\t\t\t\t\t\t\t\t<span class=\"elementor-icon-list-text\">Koost\u00f6\u00f6 kohalike kogukondade, teadlaste ja teiste sidusr\u00fchmadega, et koguda sisendit ja tagasisidet.<\/span>\n\t\t\t\t\t\t\t\t\t<\/li>\n\t\t\t\t\t\t\t\t<li class=\"elementor-icon-list-item\">\n\t\t\t\t\t\t\t\t\t\t\t<span class=\"elementor-icon-list-icon\">\n\t\t\t\t\t\t\t<svg aria-hidden=\"true\" class=\"e-font-icon-svg e-fas-chevron-right\" viewbox=\"0 0 320 512\" xmlns=\"http:\/\/www.w3.org\/2000\/svg\"><path d=\"M285.476 272.971L91.132 467.314c-9.373 9.373-24.569 9.373-33.941 0l-22.667-22.667c-9.357-9.357-9.375-24.522-.04-33.901L188.505 256 34.484 101.255c-9.335-9.379-9.317-24.544.04-33.901l22.667-22.667c9.373-9.373 24.569-9.373 33.941 0L285.475 239.03c9.373 9.372 9.373 24.568.001 33.941z\"><\/path><\/svg>\t\t\t\t\t\t<\/span>\n\t\t\t\t\t\t\t\t\t\t<span class=\"elementor-icon-list-text\">T\u00e4ieliku keskkonnam\u00f5jude hindamise aruande koostamine, l\u00e4htudes programmi tulemustest.<\/span>\n\t\t\t\t\t\t\t\t\t<\/li>\n\t\t\t\t\t\t\t\t<li class=\"elementor-icon-list-item\">\n\t\t\t\t\t\t\t\t\t\t\t<span class=\"elementor-icon-list-icon\">\n\t\t\t\t\t\t\t<svg aria-hidden=\"true\" class=\"e-font-icon-svg e-fas-chevron-right\" viewbox=\"0 0 320 512\" xmlns=\"http:\/\/www.w3.org\/2000\/svg\"><path d=\"M285.476 272.971L91.132 467.314c-9.373 9.373-24.569 9.373-33.941 0l-22.667-22.667c-9.357-9.357-9.375-24.522-.04-33.901L188.505 256 34.484 101.255c-9.335-9.379-9.317-24.544.04-33.901l22.667-22.667c9.373-9.373 24.569-9.373 33.941 0L285.475 239.03c9.373 9.372 9.373 24.568.001 33.941z\"><\/path><\/svg>\t\t\t\t\t\t<\/span>\n\t\t\t\t\t\t\t\t\t\t<span class=\"elementor-icon-list-text\">Leevendusmeetmete v\u00e4ljat\u00f6\u00f6tamine, et v\u00e4hendada ja hallata v\u00f5imalikke keskkonnam\u00f5jusid.<\/span>\n\t\t\t\t\t\t\t\t\t<\/li>\n\t\t\t\t\t\t\t\t<li class=\"elementor-icon-list-item\">\n\t\t\t\t\t\t\t\t\t\t\t<span class=\"elementor-icon-list-icon\">\n\t\t\t\t\t\t\t<svg aria-hidden=\"true\" class=\"e-font-icon-svg e-fas-chevron-right\" viewbox=\"0 0 320 512\" xmlns=\"http:\/\/www.w3.org\/2000\/svg\"><path d=\"M285.476 272.971L91.132 467.314c-9.373 9.373-24.569 9.373-33.941 0l-22.667-22.667c-9.357-9.357-9.375-24.522-.04-33.901L188.505 256 34.484 101.255c-9.335-9.379-9.317-24.544.04-33.901l22.667-22.667c9.373-9.373 24.569-9.373 33.941 0L285.475 239.03c9.373 9.372 9.373 24.568.001 33.941z\"><\/path><\/svg>\t\t\t\t\t\t<\/span>\n\t\t\t\t\t\t\t\t\t\t<span class=\"elementor-icon-list-text\">Dokumentide esitamine ametiasutustele koosk\u00f5lastamiseks ja avalikuks aruteluks.<\/span>\n\t\t\t\t\t\t\t\t\t<\/li>\n\t\t\t\t\t\t<\/ul>\n\t\t\t\t\t\t<\/div>\n\t\t\t\t<div class=\"elementor-element elementor-element-3d0086d elementor-align-left elementor-mobile-align-center elementor-tablet-align-center elementor-widget elementor-widget-button\" data-id=\"3d0086d\" data-element_type=\"widget\" data-no-translation=\"\" data-widget_type=\"button.default\">\n\t\t\t\t\t\t\t\t\t\t<a class=\"elementor-button elementor-button-link elementor-size-sm\" href=\"https:\/\/tuulenergy.ee\/et\/05-05-25_saare-2-12-2_meretuulepargi_kmhp_nouetele_vastav\/\" target=\"_blank\">\n\t\t\t\t\t\t<span class=\"elementor-button-content-wrapper\">\n\t\t\t\t\t\t<span class=\"elementor-button-icon\">\n\t\t\t\t<svg aria-hidden=\"true\" class=\"e-font-icon-svg e-fas-angle-right\" viewbox=\"0 0 256 512\" xmlns=\"http:\/\/www.w3.org\/2000\/svg\"><path d=\"M224.3 273l-136 136c-9.4 9.4-24.6 9.4-33.9 0l-22.6-22.6c-9.4-9.4-9.4-24.6 0-33.9l96.4-96.4-96.4-96.4c-9.4-9.4-9.4-24.6 0-33.9L54.3 103c9.4-9.4 24.6-9.4 33.9 0l136 136c9.5 9.4 9.5 24.6.1 34z\"><\/path><\/svg>\t\t\t<\/span>\n\t\t\t\t\t\t\t\t\t<span class=\"elementor-button-text\">Lae alla PDF<\/span>\n\t\t\t\t\t<\/span>\n\t\t\t\t\t<\/a>\n\t\t\t\t\t\t\t\t<\/div>\n\t\t\t\t<\/div>\n\t\t<div class=\"elementor-element elementor-element-0515ae7 e-con-full e-flex e-con e-child\" data-id=\"0515ae7\" data-element_type=\"container\" data-settings=\"{&quot;background_background&quot;:&quot;classic&quot;}\">\n\t\t\t\t<div class=\"elementor-element elementor-element-86db437 elementor-widget elementor-widget-image\" data-id=\"86db437\" data-element_type=\"widget\" data-widget_type=\"image.default\">\n\t\t\t\t\t\t\t\t\t\t\t\t\t\t\t<img decoding=\"async\" width=\"750\" height=\"1000\" src=\"https:\/\/tuulenergy.ee\/wp-content\/uploads\/2025\/07\/20250227_161603_resized.jpg\" class=\"attachment-full size-full wp-image-1270\" alt=\"\" srcset=\"https:\/\/tuulenergy.ee\/wp-content\/uploads\/2025\/07\/20250227_161603_resized.jpg 750w, https:\/\/tuulenergy.ee\/wp-content\/uploads\/2025\/07\/20250227_161603_resized-225x300.jpg 225w, https:\/\/tuulenergy.ee\/wp-content\/uploads\/2025\/07\/20250227_161603_resized-9x12.jpg 9w\" sizes=\"(max-width: 750px) 100vw, 750px\" \/>\t\t\t\t\t\t\t\t\t\t\t\t\t\t\t<\/div>\n\t\t\t\t<\/div>\n\t\t\t\t\t<\/div>\n\t\t\t\t<\/div>\n\t\t<div class=\"elementor-element elementor-element-68d26fe e-con-full e-flex e-con e-parent\" data-id=\"68d26fe\" data-element_type=\"container\" data-settings=\"{&quot;background_background&quot;:&quot;classic&quot;}\">\n\t\t\t\t<div class=\"elementor-element elementor-element-298854c elementor-widget elementor-widget-heading\" data-id=\"298854c\" data-element_type=\"widget\" data-widget_type=\"heading.default\">\n\t\t\t\t\t<h2 class=\"elementor-heading-title elementor-size-default\">Kas sul on k\u00fcsimusi v\u00f5i soovid meiega koost\u00f6\u00f6d teha?<\/h2>\t\t\t\t<\/div>\n\t\t\t\t<div class=\"elementor-element elementor-element-7cf9e67 elementor-widget elementor-widget-heading\" data-id=\"7cf9e67\" data-element_type=\"widget\" data-widget_type=\"heading.default\">\n\t\t\t\t\t<h2 class=\"elementor-heading-title elementor-size-default\">V\u00f5ta meiega \u00fchendust!<\/h2>\t\t\t\t<\/div>\n\t\t\t\t<div class=\"elementor-element elementor-element-e6feaaf elementor-align-center elementor-mobile-align-center elementor-tablet-align-center elementor-widget elementor-widget-button\" data-id=\"e6feaaf\" data-element_type=\"widget\" data-widget_type=\"button.default\">\n\t\t\t\t\t\t\t\t\t\t<a class=\"elementor-button elementor-button-link elementor-size-sm\" href=\"\/et\/kontakt\/#get-involved\">\n\t\t\t\t\t\t<span class=\"elementor-button-content-wrapper\">\n\t\t\t\t\t\t<span class=\"elementor-button-icon\">\n\t\t\t\t<svg aria-hidden=\"true\" class=\"e-font-icon-svg e-fas-angle-right\" viewbox=\"0 0 256 512\" xmlns=\"http:\/\/www.w3.org\/2000\/svg\"><path d=\"M224.3 273l-136 136c-9.4 9.4-24.6 9.4-33.9 0l-22.6-22.6c-9.4-9.4-9.4-24.6 0-33.9l96.4-96.4-96.4-96.4c-9.4-9.4-9.4-24.6 0-33.9L54.3 103c9.4-9.4 24.6-9.4 33.9 0l136 136c9.5 9.4 9.5 24.6.1 34z\"><\/path><\/svg>\t\t\t<\/span>\n\t\t\t\t\t\t\t\t\t<span class=\"elementor-button-text\">K\u00fcsi meilt<\/span>\n\t\t\t\t\t<\/span>\n\t\t\t\t\t<\/a>\n\t\t\t\t\t\t\t\t<\/div>\n\t\t\t\t<\/div>\n\t\t\t\t<\/div>","protected":false},"excerpt":{"rendered":"<p>Environment Environmental Impact Assessment and related studies are crucial for ensuring that offshore wind park development is environmentally sound, socially responsible, and legally compliant.&nbsp; \u00a0Specifically: Marine ecosystems are complex and sensitive, and construction activities (e.g., seabed disturbance, underwater noise, and ship traffic) can affect fishes, marine mammals, benthic habitats, and the water quality. Bird migration [&hellip;]<\/p>","protected":false},"author":1,"featured_media":0,"parent":0,"menu_order":0,"comment_status":"closed","ping_status":"closed","template":"","meta":{"footnotes":""},"class_list":["post-1342","page","type-page","status-publish","hentry"],"_links":{"self":[{"href":"https:\/\/tuulenergy.ee\/et\/wp-json\/wp\/v2\/pages\/1342","targetHints":{"allow":["GET"]}}],"collection":[{"href":"https:\/\/tuulenergy.ee\/et\/wp-json\/wp\/v2\/pages"}],"about":[{"href":"https:\/\/tuulenergy.ee\/et\/wp-json\/wp\/v2\/types\/page"}],"author":[{"embeddable":true,"href":"https:\/\/tuulenergy.ee\/et\/wp-json\/wp\/v2\/users\/1"}],"replies":[{"embeddable":true,"href":"https:\/\/tuulenergy.ee\/et\/wp-json\/wp\/v2\/comments?post=1342"}],"version-history":[{"count":0,"href":"https:\/\/tuulenergy.ee\/et\/wp-json\/wp\/v2\/pages\/1342\/revisions"}],"wp:attachment":[{"href":"https:\/\/tuulenergy.ee\/et\/wp-json\/wp\/v2\/media?parent=1342"}],"curies":[{"name":"wp","href":"https:\/\/api.w.org\/{rel}","templated":true}]}}